{"id":152,"date":"2018-11-21T16:01:15","date_gmt":"2018-11-21T15:01:15","guid":{"rendered":"https:\/\/www.tradeoz.fr\/?page_id=152"},"modified":"2019-01-28T09:54:54","modified_gmt":"2019-01-28T08:54:54","slug":"conditions-generales-de-vente","status":"publish","type":"page","link":"https:\/\/www.tradeoz.fr\/rennes\/conditions-generales-de-vente\/","title":{"rendered":"Conditions g\u00e9n\u00e9rales de vente"},"content":{"rendered":"<h3>\n\t\tConditions g\u00e9n\u00e9rales de vente \n\t<\/h3>\n\t<p>&nbsp;<\/p>\n<p><strong>Conservation et modification des informations :<\/strong><\/p>\n<p>En application de la l\u00e9gislation fran\u00e7aise \u00ab Loi n\u00b02004-801 du 6 ao\u00fbt 2004, Loi relative \u00e0 la protection des personnes physiques \u00e0 l\u2019\u00e9gard des traitements de donn\u00e9es personnelles et\u00a0modifiant la loi n\u00b078-17 du 06 janvier 1978 relative \u00e0 l\u2019informatique, aux fichiers et aux\u00a0libert\u00e9s \u00bb, vous disposez d\u2019un droit d\u2019acc\u00e8s, de modification, de rectification ou de\u00a0suppression de toute information personnelle vous concernant par simple demande via notre\u00a0courriel.<\/p>\n<p>&nbsp;<\/p>\n<p><strong>Protection des donn\u00e9es personnelles :<\/strong><\/p>\n<p>L\u2019\u00e9diteur ne r\u00e9cup\u00e8re sur le pr\u00e9sent site que les donn\u00e9es personnelles communiqu\u00e9es \u00e0\u00a0l\u2019initiative des visiteurs. Par ailleurs l\u2019\u00e9diteur s\u2019engage \u00e0 ne pas divulguer \u00e0 des tiers les\u00a0informations ainsi recueillies.<\/p>\n<p><strong>Hyperliens :<\/strong><\/p>\nLe site peut contenir des liens hypertextes menant \u00e0 d\u2019autres sites Internet totalement\u00a0ind\u00e9pendants du site de l\u2019\u00e9diteur. L\u2019\u00e9diteur ne suppose aucunement, ni ne garantit que les\u00a0informations contenues dans de tels liens hypertextes ou dans tout autre site Internet soient\u00a0exactes, compl\u00e8tes ou v\u00e9ridiques. D\u00e8s lors, tout acc\u00e8s \u00e0 un autre site Internet li\u00e9 au site de\u00a0l\u2019\u00e9diteur s\u2019effectue sous la propre responsabilit\u00e9, pleine et enti\u00e8re, de l\u2019utilisateur. L\u2019\u00e9diteur\u00a0ne peut garantir l\u2019exactitude, la compl\u00e9tude, l\u2019actualit\u00e9 des informations diffus\u00e9es sur le Site.\u00a0L\u2019\u00e9diteur met tout en \u0153uvre pour diffuser des informations exactes et mises \u00e0 jour. Vous<br \/>\nreconnaissez utiliser ces informations sous votre responsabilit\u00e9.\n<p><strong>L\u2019\u00e9diteur ne peut \u00eatre tenu responsable :<\/strong><\/p>\n&#8211; des erreurs ou omissions des informations diffus\u00e9es sur le site,<br \/>\n&#8211; des dommages directs ou indirects qui pourraient r\u00e9sulter de l\u2019acc\u00e8s ou de l\u2019utilisation du\u00a0site, y compris l\u2019accessibilit\u00e9, les pertes de donn\u00e9es, d\u00e9t\u00e9rioration, destruction ou virus qui\u00a0pourraient affecter votre \u00e9quipement informatique et\/ou de la pr\u00e9sence de virus sur le site.<br \/>\nVous \u00eates inform\u00e9 que le site est accessible 24 heures sur 24 et 7 jours sur 7 \u00e0 l\u2019exception des\u00a0cas de force majeure, difficult\u00e9s informatiques, difficult\u00e9s li\u00e9es aux r\u00e9seaux de\u00a0t\u00e9l\u00e9communication ou difficult\u00e9s techniques. Pour des raisons de maintenance, l\u2019\u00e9diteur\u00a0pourra interrompre l\u2019acc\u00e8s au site.\n","protected":false},"excerpt":{"rendered":"","protected":false},"author":1,"featured_media":0,"parent":0,"menu_order":0,"comment_status":"closed","ping_status":"closed","template":"","meta":{"footnotes":""},"class_list":["post-152","page","type-page","status-publish","hentry"],"_links":{"self":[{"href":"https:\/\/www.tradeoz.fr\/rennes\/wp-json\/wp\/v2\/pages\/152","targetHints":{"allow":["GET"]}}],"collection":[{"href":"https:\/\/www.tradeoz.fr\/rennes\/wp-json\/wp\/v2\/pages"}],"about":[{"href":"https:\/\/www.tradeoz.fr\/rennes\/wp-json\/wp\/v2\/types\/page"}],"author":[{"embeddable":true,"href":"https:\/\/www.tradeoz.fr\/rennes\/wp-json\/wp\/v2\/users\/1"}],"replies":[{"embeddable":true,"href":"https:\/\/www.tradeoz.fr\/rennes\/wp-json\/wp\/v2\/comments?post=152"}],"version-history":[{"count":3,"href":"https:\/\/www.tradeoz.fr\/rennes\/wp-json\/wp\/v2\/pages\/152\/revisions"}],"predecessor-version":[{"id":411,"href":"https:\/\/www.tradeoz.fr\/rennes\/wp-json\/wp\/v2\/pages\/152\/revisions\/411"}],"wp:attachment":[{"href":"https:\/\/www.tradeoz.fr\/rennes\/wp-json\/wp\/v2\/media?parent=152"}],"curies":[{"name":"wp","href":"https:\/\/api.w.org\/{rel}","templated":true}]}}