{"id":5,"date":"2018-10-19T15:05:31","date_gmt":"2018-10-19T13:05:31","guid":{"rendered":"https:\/\/www.tradeoz.fr\/v2\/?page_id=5"},"modified":"2022-11-29T08:14:22","modified_gmt":"2022-11-29T07:14:22","slug":"accueil","status":"publish","type":"page","link":"https:\/\/www.tradeoz.fr\/rennes\/","title":{"rendered":"Accueil"},"content":{"rendered":"\n<h1>\n\t\tTrad\u00e9oz &#8211; Rennes\n\t<\/h1>\n\t\t\t\t<a href=\"#\" target=\"_self\" itemprop=\"url\" rel=\"noopener noreferrer\">\n\t\t\t\t<img loading=\"lazy\" decoding=\"async\" src=\"https:\/\/www.tradeoz.fr\/rennes\/wp-content\/uploads\/2018\/10\/agriculture-respecteuse.png\" alt=\"agriculture-respecteuse\" itemprop=\"image\" height=\"71\" width=\"70\" title=\"agriculture-respecteuse\">\n\t\t\t\t<\/a>\n<h3><a href=\"#\" target=\"_self\" rel=\"noopener noreferrer\"><\/a><\/h3>\t\t\n\t\t\t<p>Le choix d\u2019une agriculture respectueuse de l\u2019environnement<\/p>\n\t\t\t\t<a href=\"#\" target=\"_self\" itemprop=\"url\" rel=\"noopener noreferrer\">\n\t\t\t\t<img loading=\"lazy\" decoding=\"async\" src=\"https:\/\/www.tradeoz.fr\/rennes\/wp-content\/uploads\/2018\/10\/tracabilite.png\" alt=\"tracabilite\" itemprop=\"image\" height=\"81\" width=\"60\" title=\"tracabilite\">\n\t\t\t\t<\/a>\n<h3><a href=\"#\" target=\"_self\" rel=\"noopener noreferrer\"><\/a><\/h3>\t\t\n\t\t\t<p>L&rsquo;exigence d&rsquo;une tra\u00e7abilit\u00e9 sans faille<\/p>\n\t\t\t\t<a href=\"#\" target=\"_self\" itemprop=\"url\" rel=\"noopener noreferrer\">\n\t\t\t\t<img loading=\"lazy\" decoding=\"async\" src=\"https:\/\/www.tradeoz.fr\/rennes\/wp-content\/uploads\/2018\/10\/efficacite-logistique.png\" alt=\"efficacite-logistique\" itemprop=\"image\" height=\"87\" width=\"66\" title=\"efficacite-logistique\">\n\t\t\t\t<\/a>\n<h3><a href=\"#\" target=\"_self\" rel=\"noopener noreferrer\"><\/a><\/h3>\t\t\n\t\t\tL\u2019efficacit\u00e9 logistique<br>\n7 jours sur 7<br>\ntoute l&rsquo;ann\u00e9e\n\t\t\t\t<a href=\"#\" target=\"_self\" itemprop=\"url\" rel=\"noopener noreferrer\">\n\t\t\t\t<img loading=\"lazy\" decoding=\"async\" src=\"https:\/\/www.tradeoz.fr\/rennes\/wp-content\/uploads\/2018\/10\/equilibre.png\" alt=\"equilibre\" itemprop=\"image\" height=\"77\" width=\"74\" title=\"equilibre\">\n\t\t\t\t<\/a>\n<h3><a href=\"#\" target=\"_self\" rel=\"noopener noreferrer\"><\/a><\/h3>\t\t\n\t\t\t<p>Le juste \u00e9quilibre nutritionnel<\/p>\n\t\t\t\t<a href=\"#\" target=\"_self\" itemprop=\"url\" rel=\"noopener noreferrer\">\n\t\t\t\t<img loading=\"lazy\" decoding=\"async\" src=\"https:\/\/www.tradeoz.fr\/rennes\/wp-content\/uploads\/2018\/10\/fermentation.png\" alt=\"fermentation\" itemprop=\"image\" height=\"82\" width=\"67\" title=\"fermentation\">\n\t\t\t\t<\/a>\n<h3><a href=\"#\" target=\"_self\" rel=\"noopener noreferrer\"><\/a><\/h3>\t\t\n\t\t\t<p>La ma\u00eetrise de la fermentation<\/p>\n\t\t\t\t<a href=\"#\" target=\"_self\" itemprop=\"url\" rel=\"noopener noreferrer\">\n\t\t\t\t<img loading=\"lazy\" decoding=\"async\" src=\"https:\/\/www.tradeoz.fr\/rennes\/wp-content\/uploads\/2018\/10\/productivite-garantie.png\" alt=\"productivite-garantie\" itemprop=\"image\" height=\"78\" width=\"90\" title=\"productivite-garantie\">\n\t\t\t\t<\/a>\n<h3><a href=\"#\" target=\"_self\" rel=\"noopener noreferrer\"><\/a><\/h3>\t\t\n\t\t\t<p>La productivit\u00e9 garantie<\/p>\n\t\t\t\t<a href=\"#\" target=\"_self\" itemprop=\"url\" rel=\"noopener noreferrer\">\n\t\t\t\t<img loading=\"lazy\" decoding=\"async\" src=\"https:\/\/www.tradeoz.fr\/rennes\/wp-content\/uploads\/2018\/10\/qualite.png\" alt=\"qualite\" itemprop=\"image\" height=\"68\" width=\"83\" title=\"qualite\">\n\t\t\t\t<\/a>\n<h3><a href=\"#\" target=\"_self\" rel=\"noopener noreferrer\"><\/a><\/h3>\t\t\n\t\t\t<p>L&rsquo;assurance de la qualit\u00e9<\/p>\n\t\t\t\t<a href=\"https:\/\/www.tradeoz.fr\/rennes\/boutique\/\" target=\"_self\" itemprop=\"url\" rel=\"noopener noreferrer\">\n\t\t\t\t<img loading=\"lazy\" decoding=\"async\" src=\"https:\/\/www.tradeoz.fr\/rennes\/wp-content\/uploads\/2018\/11\/Touret-de-Seigle-1-2.jpg\" alt=\"Touret-de-Seigle-\" itemprop=\"image\" height=\"568\" width=\"850\" title=\"Touret-de-Seigle-\">\n\t\t\t\t<\/a>\n\t\t\t\t<a href=\"https:\/\/www.tradeoz.fr\/rennes\/chr\/\" target=\"_self\" itemprop=\"url\" rel=\"noopener noreferrer\">\n\t\t\t\t<img loading=\"lazy\" decoding=\"async\" src=\"https:\/\/www.tradeoz.fr\/rennes\/wp-content\/uploads\/2018\/11\/Toscane-par-l-artisan-bio-56464.jpg\" alt=\"Toscane-par-l-artisan-bio-56464\" itemprop=\"image\" height=\"500\" width=\"749\" title=\"Toscane-par-l-artisan-bio-56464\">\n\t\t\t\t<\/a>\n<h2>\n\t\tL&rsquo;exigence du bon pain !\n\t<\/h2>\n\t\t\t\t<img loading=\"lazy\" decoding=\"async\" src=\"https:\/\/www.tradeoz.fr\/rennes\/wp-content\/uploads\/2018\/11\/tradeoz-charte.jpg\" alt=\"tradeoz-charte\" itemprop=\"image\" height=\"538\" width=\"650\" title=\"tradeoz-charte\">\n<h3>\n\t<\/h3>\n\t<strong>*CRC: Cultures Raisonn\u00e9es et Contr\u00f4l\u00e9es<\/strong><br>\nC\u2019est une d\u00e9marche qui d\u00e9signe des c\u00e9r\u00e9ales ( bl\u00e9 et seigle ) issues d\u2019une agriculture raisonn\u00e9e et contr\u00f4l\u00e9e. Ce mode de production qui vise \u00e0 r\u00e9duire les contaminations sur les c\u00e9r\u00e9ales, tout en pr\u00e9servant la qualit\u00e9 des grains et en contribuant \u00e0 la protection de l\u2019environnement.\n\t<strong>*Agri-\u00c9thique France<\/strong><br>\nEnfin un label qui garantit aux agriculteurs fran\u00e7ais un revenu juste et durable ! En pr\u00e9f\u00e9rant consommer des produits labellis\u00e9s . Agri-\u00c9thique France, ce sont, de fait nos territoires que vous soutenez. Agri-\u00c9thique : Label Fran\u00e7ais du Commerce \u00c9quitable (www.agriethique.fr)\n\t<img decoding=\"async\" src=\"wp-content\/uploads\/2018\/10\/quotes.png\" alt=\"\" width=\"20\">Nous n\u2019h\u00e9ritons pas de la terre de nos parents, nous l\u2019empruntons \u00e0 nos enfants &nbsp;&nbsp;&nbsp;<img decoding=\"async\" src=\"wp-content\/uploads\/2018\/10\/quotes.png\" alt=\"\" width=\"20\">\n<p>&nbsp;<\/p>\n<p><em>&nbsp; &nbsp; &nbsp; &nbsp; &nbsp; &nbsp; &nbsp; &nbsp; &nbsp; &nbsp; &nbsp; &nbsp; &nbsp; &nbsp; &nbsp; &nbsp; &nbsp; &nbsp; &nbsp; &nbsp; &nbsp; &nbsp; &nbsp; &nbsp; &nbsp; &nbsp; &nbsp; &nbsp; &nbsp; &nbsp; &nbsp; &nbsp; &nbsp; &nbsp; &nbsp; &nbsp; &nbsp; &nbsp; &nbsp; &nbsp; &nbsp; &nbsp; &nbsp; &nbsp; &nbsp; &nbsp; &nbsp; &nbsp; &nbsp; Antoine de Saint-Exup\u00e9ry<\/em><\/p>\n","protected":false},"excerpt":{"rendered":"","protected":false},"author":1,"featured_media":0,"parent":0,"menu_order":0,"comment_status":"closed","ping_status":"closed","template":"","meta":{"footnotes":""},"class_list":["post-5","page","type-page","status-publish","hentry"],"_links":{"self":[{"href":"https:\/\/www.tradeoz.fr\/rennes\/wp-json\/wp\/v2\/pages\/5","targetHints":{"allow":["GET"]}}],"collection":[{"href":"https:\/\/www.tradeoz.fr\/rennes\/wp-json\/wp\/v2\/pages"}],"about":[{"href":"https:\/\/www.tradeoz.fr\/rennes\/wp-json\/wp\/v2\/types\/page"}],"author":[{"embeddable":true,"href":"https:\/\/www.tradeoz.fr\/rennes\/wp-json\/wp\/v2\/users\/1"}],"replies":[{"embeddable":true,"href":"https:\/\/www.tradeoz.fr\/rennes\/wp-json\/wp\/v2\/comments?post=5"}],"version-history":[{"count":48,"href":"https:\/\/www.tradeoz.fr\/rennes\/wp-json\/wp\/v2\/pages\/5\/revisions"}],"predecessor-version":[{"id":7496,"href":"https:\/\/www.tradeoz.fr\/rennes\/wp-json\/wp\/v2\/pages\/5\/revisions\/7496"}],"wp:attachment":[{"href":"https:\/\/www.tradeoz.fr\/rennes\/wp-json\/wp\/v2\/media?parent=5"}],"curies":[{"name":"wp","href":"https:\/\/api.w.org\/{rel}","templated":true}]}}